{"id":1813,"date":"2023-11-09T11:07:29","date_gmt":"2023-11-09T16:07:29","guid":{"rendered":"https:\/\/acemaingenieria.com\/?page_id=1813"},"modified":"2023-12-04T11:49:48","modified_gmt":"2023-12-04T16:49:48","slug":"politica-privacidad","status":"publish","type":"page","link":"https:\/\/acemaingenieria.com\/en\/politica-privacidad\/","title":{"rendered":"Politica privacidad"},"content":{"rendered":"<p>[et_pb_section fb_built=\u00bb1&#8243; _builder_version=\u00bb4.22.2&#8243; _module_preset=\u00bbdefault\u00bb background_color=\u00bbrgba(0,0,0,0.3)\u00bb background_image=\u00bbhttps:\/\/acemaingenieria.com\/wp-content\/uploads\/2023\/11\/cielo-atardecer-refleja-generacion-energia-sostenible-panel-solar-ia-generativa-copia.jpg\u00bb background_blend=\u00bbmultiply\u00bb global_colors_info=\u00bb{}\u00bb][et_pb_row _builder_version=\u00bb4.22.2&#8243; _module_preset=\u00bbdefault\u00bb global_colors_info=\u00bb{}\u00bb][et_pb_column type=\u00bb4_4&#8243; _builder_version=\u00bb4.22.2&#8243; _module_preset=\u00bbdefault\u00bb global_colors_info=\u00bb{}\u00bb][et_pb_text _builder_version=\u00bb4.22.2&#8243; _module_preset=\u00bbdefault\u00bb text_font=\u00bbMontserrat||||||||\u00bb text_text_color=\u00bb#FFFFFF\u00bb text_font_size=\u00bb40px\u00bb header_font=\u00bbMontserrat||||||||\u00bb text_orientation=\u00bbcenter\u00bb global_colors_info=\u00bb{}\u00bb]<\/p>\n<p><strong>Pol\u00edticas de privacidad<\/strong><\/p>\n<p>[\/et_pb_text][\/et_pb_column][\/et_pb_row][\/et_pb_section][et_pb_section fb_built=\u00bb1&#8243; _builder_version=\u00bb4.22.2&#8243; _module_preset=\u00bbdefault\u00bb custom_padding=\u00bb10px|0px|10px|0px|true|true\u00bb global_colors_info=\u00bb{}\u00bb][et_pb_row _builder_version=\u00bb4.22.2&#8243; _module_preset=\u00bbdefault\u00bb global_colors_info=\u00bb{}\u00bb][et_pb_column type=\u00bb4_4&#8243; _builder_version=\u00bb4.22.2&#8243; _module_preset=\u00bbdefault\u00bb global_colors_info=\u00bb{}\u00bb][et_pb_text _builder_version=\u00bb4.23.1&#8243; _module_preset=\u00bbdefault\u00bb text_font=\u00bbMontserrat||||||||\u00bb header_font=\u00bbMontserrat||||||||\u00bb text_orientation=\u00bbjustified\u00bb global_colors_info=\u00bb{}\u00bb]<\/p>\n<p>La presente Pol\u00edtica de Privacidad establece los t\u00e9rminos en que Acema Ingenier\u00eda usa y protege la informaci\u00f3n que es proporcionada por sus usuarios al momento de utilizar su sitio web.<\/p>\n<p>Esta compa\u00f1\u00eda est\u00e1 comprometida con la seguridad de los datos de sus usuarios.<\/p>\n<p>Cuando le pedimos llenar los campos de informaci\u00f3n personal con la cual usted pueda ser identificado, lo hacemos asegurando que s\u00f3lo se emplear\u00e1 de acuerdo con los t\u00e9rminos de este documento. Sin embargo, esta Pol\u00edtica de Privacidad puede cambiar con el tiempo o ser actualizada por lo que le recomendamos y enfatizamos revisar continuamente esta p\u00e1gina para asegurarse que est\u00e1 de acuerdo con dichos cambios.<\/p>\n<p>[\/et_pb_text][\/et_pb_column][\/et_pb_row][et_pb_row column_structure=\u00bb1_2,1_2&#8243; use_custom_gutter=\u00bbon\u00bb gutter_width=\u00bb2&#8243; _builder_version=\u00bb4.22.2&#8243; _module_preset=\u00bbdefault\u00bb custom_margin=\u00bb30px||30px||true|false\u00bb custom_padding=\u00bb0px||0px||true|false\u00bb global_colors_info=\u00bb{}\u00bb][et_pb_column type=\u00bb1_2&#8243; _builder_version=\u00bb4.22.2&#8243; _module_preset=\u00bbdefault\u00bb global_colors_info=\u00bb{}\u00bb][et_pb_text _builder_version=\u00bb4.22.2&#8243; _module_preset=\u00bbdefault\u00bb text_font=\u00bbMontserrat||||||||\u00bb header_font=\u00bbMontserrat||||||||\u00bb global_colors_info=\u00bb{}\u00bb]<\/p>\n<h2><strong>Informaci\u00f3n que es recogida<\/strong><\/h2>\n<p>[\/et_pb_text][et_pb_divider color=\u00bb#2058DB\u00bb divider_weight=\u00bb5px\u00bb _builder_version=\u00bb4.22.2&#8243; _module_preset=\u00bbdefault\u00bb width=\u00bb63%\u00bb custom_margin=\u00bb0px||0px||true|false\u00bb custom_padding=\u00bb0px||0px||true|false\u00bb global_colors_info=\u00bb{}\u00bb][\/et_pb_divider][et_pb_text _builder_version=\u00bb4.23.1&#8243; _module_preset=\u00bbdefault\u00bb text_font=\u00bbMontserrat||||||||\u00bb header_font=\u00bbMontserrat||||||||\u00bb text_orientation=\u00bbjustified\u00bb global_colors_info=\u00bb{}\u00bb]<\/p>\n<p>Nuestro sitio web podr\u00e1 recoger informaci\u00f3n personal, por ejemplo: Nombre, Apellido, informaci\u00f3n de contacto como su direcci\u00f3n de correo electr\u00f3nica e informaci\u00f3n demogr\u00e1fica.<\/p>\n<p>[\/et_pb_text][et_pb_toggle title=\u00bbCookies\u00bb use_icon_font_size=\u00bbon\u00bb open_use_icon_font_size=\u00bbon\u00bb icon_font_size_tablet=\u00bb\u00bb icon_font_size_phone=\u00bb30px\u00bb icon_font_size_last_edited=\u00bbon|phone\u00bb open_icon_font_size_tablet=\u00bb\u00bb open_icon_font_size_phone=\u00bb30px\u00bb open_icon_font_size_last_edited=\u00bbon|phone\u00bb _builder_version=\u00bb4.23.1&#8243; _module_preset=\u00bbdefault\u00bb title_font=\u00bbMontserrat||||||||\u00bb closed_title_font=\u00bbMontserrat||||||||\u00bb body_font=\u00bbMontserrat||||||||\u00bb border_radii=\u00bbon|20px|20px|20px|20px\u00bb global_colors_info=\u00bb{}\u00bb]<\/p>\n<p>Una cookie se refiere a un archivo que se env\u00eda con la finalidad de solicitar permiso para ser almacenado en su computadora. La cookie se crea al aceptar el archivo y luego sirve para tener informaci\u00f3n sobre el tr\u00e1fico web; tambi\u00e9n facilita futuras visitas a una web recurrente. Otra funci\u00f3n que tienen las cookies es que con ellas los sitios web pueden reconocerte individualmente y, por tanto, brindarte el mejor servicio personalizado.<\/p>\n<p>Utilizamos cookies para poder identificar las p\u00e1ginas que se visitan y su frecuencia. Esta informaci\u00f3n se usa solo para an\u00e1lisis estad\u00edstico y luego la informaci\u00f3n se elimina permanentemente. Puede eliminar las cookies de su computadora en cualquier momento. Sin embargo, estas ayudan a brindar un mejor servicio en los sitios web. Usted no da acceso a informaci\u00f3n de su computadora o de usted, a menos que lo desee y lo proporcione directamente. Puede aceptar o rechazar el uso de cookies. Sin embargo, la mayor\u00eda de los navegadores las aceptan autom\u00e1ticamente, ya que sirven para tener un mejor servicio web. Tambi\u00e9n puede cambiar la configuraci\u00f3n de su computadora para rechazarlas. Si se rechazan, es posible que no pueda utilizar algunos de nuestros servicios.<\/p>\n<p>[\/et_pb_toggle][et_pb_toggle title=\u00bbEnlaces a terceros\u00bb use_icon_font_size=\u00bbon\u00bb open_use_icon_font_size=\u00bbon\u00bb icon_font_size_tablet=\u00bb\u00bb icon_font_size_phone=\u00bb30px\u00bb icon_font_size_last_edited=\u00bbon|phone\u00bb open_icon_font_size_tablet=\u00bb\u00bb open_icon_font_size_phone=\u00bb30px\u00bb open_icon_font_size_last_edited=\u00bbon|phone\u00bb _builder_version=\u00bb4.23.1&#8243; _module_preset=\u00bbdefault\u00bb title_font=\u00bbMontserrat||||||||\u00bb closed_title_font=\u00bbMontserrat||||||||\u00bb body_font=\u00bbMontserrat||||||||\u00bb border_radii=\u00bbon|20px|20px|20px|20px\u00bb global_colors_info=\u00bb{}\u00bb]<\/p>\n<p>Este sitio web pudiera contener enlaces a otros sitios que podr\u00edan ser de su inter\u00e9s. Una vez que usted de clic en estos enlaces y abandone nuestra p\u00e1gina, ya no tenemos control sobre el sitio al que es redirigido y, por lo tanto, no somos responsables de los t\u00e9rminos o privacidad ni de la protecci\u00f3n de sus datos en esos otros sitios. Dichos sitios est\u00e1n sujetos a sus propias Pol\u00edticas de Privacidad por lo cual es recomendable que los consulte para confirmar que usted est\u00e1 de acuerdo con estas.<\/p>\n<p>[\/et_pb_toggle][et_pb_toggle title=\u00bbControl de su informaci\u00f3n personal\u00bb use_icon_font_size=\u00bbon\u00bb open_use_icon_font_size=\u00bbon\u00bb icon_font_size_tablet=\u00bb\u00bb icon_font_size_phone=\u00bb30px\u00bb icon_font_size_last_edited=\u00bbon|phone\u00bb open_icon_font_size_tablet=\u00bb\u00bb open_icon_font_size_phone=\u00bb30px\u00bb open_icon_font_size_last_edited=\u00bbon|phone\u00bb _builder_version=\u00bb4.23.1&#8243; _module_preset=\u00bbdefault\u00bb title_font=\u00bbMontserrat||||||||\u00bb closed_title_font=\u00bbMontserrat||||||||\u00bb body_font=\u00bbMontserrat||||||||\u00bb border_radii=\u00bbon|20px|20px|20px|20px\u00bb global_colors_info=\u00bb{}\u00bb]<\/p>\n<p>En cualquier momento, puede restringir la recopilaci\u00f3n o el uso de la informaci\u00f3n personal que se proporciona a nuestro sitio web. Cada vez que se le solicite que complete un formulario, como el registro de usuario, puede marcar o desmarcar la opci\u00f3n para recibir informaci\u00f3n por correo electr\u00f3nico. En caso de que hayas marcado la opci\u00f3n de recibir nuestra newsletter o publicidad puedes cancelarla en cualquier momento.<\/p>\n<p>Esta empresa no vender\u00e1, ceder\u00e1 ni distribuir\u00e1 la informaci\u00f3n personal que se recopile sin su consentimiento, a menos que lo requiera un juez con una orden judicial.<\/p>\n<p>Acema Ingenier\u00eda se reserva el derecho de cambiar los t\u00e9rminos de esta Pol\u00edtica de Privacidad en cualquier momento.<\/p>\n<p>[\/et_pb_toggle][\/et_pb_column][et_pb_column type=\u00bb1_2&#8243; _builder_version=\u00bb4.22.2&#8243; _module_preset=\u00bbdefault\u00bb global_colors_info=\u00bb{}\u00bb][et_pb_text _builder_version=\u00bb4.22.2&#8243; _module_preset=\u00bbdefault\u00bb text_font=\u00bbMontserrat||||||||\u00bb header_font=\u00bbMontserrat||||||||\u00bb global_colors_info=\u00bb{}\u00bb]<\/p>\n<h2><strong>Uso de la informaci\u00f3n recogida<\/strong><\/h2>\n<p>[\/et_pb_text][et_pb_text _builder_version=\u00bb4.23.1&#8243; _module_preset=\u00bbdefault\u00bb text_font=\u00bbMontserrat||||||||\u00bb header_font=\u00bbMontserrat||||||||\u00bb text_orientation=\u00bbjustified\u00bb hover_enabled=\u00bb0&#8243; global_colors_info=\u00bb{}\u00bb sticky_enabled=\u00bb0&#8243;]<\/p>\n<p>Nuestro sitio web emplea la informaci\u00f3n con el fin de proporcionar el mejor servicio posible, particularmente para mantener un registro de usuarios, y mejorar nuestros servicios. Es posible que sean enviados correos electr\u00f3nicos peri\u00f3dicamente a trav\u00e9s de nuestro sitio con ofertas especiales, nuevos servicios y otra informaci\u00f3n publicitaria que consideremos relevante para usted o que pueda brindarle alg\u00fan beneficio, estos correos electr\u00f3nicos ser\u00e1n enviados a la direcci\u00f3n que usted proporcione y podr\u00e1n ser cancelados en cualquier momento.<\/p>\n<p>Acema Ingenier\u00eda est\u00e1 altamente comprometido para cumplir con el compromiso de mantener su informaci\u00f3n segura. Usamos los sistemas m\u00e1s avanzados y los actualizamos constantemente para asegurarnos que no exista ning\u00fan acceso no autorizado.<\/p>\n<p>[\/et_pb_text][\/et_pb_column][\/et_pb_row][\/et_pb_section]<\/p>\n","protected":false},"excerpt":{"rendered":"<p>Pol\u00edticas de privacidadLa presente Pol\u00edtica de Privacidad establece los t\u00e9rminos en que Acema Ingenier\u00eda usa y protege la informaci\u00f3n que es proporcionada por sus usuarios al momento de utilizar su sitio web. Esta compa\u00f1\u00eda est\u00e1 comprometida con la seguridad de los datos de sus usuarios. Cuando le pedimos llenar los campos de informaci\u00f3n personal con [&hellip;]<\/p>\n","protected":false},"author":1,"featured_media":0,"parent":0,"menu_order":0,"comment_status":"closed","ping_status":"closed","template":"","meta":{"_et_pb_use_builder":"on","_et_pb_old_content":"","_et_gb_content_width":"","inline_featured_image":false,"footnotes":""},"class_list":["post-1813","page","type-page","status-publish","hentry"],"_links":{"self":[{"href":"https:\/\/acemaingenieria.com\/en\/wp-json\/wp\/v2\/pages\/1813","targetHints":{"allow":["GET"]}}],"collection":[{"href":"https:\/\/acemaingenieria.com\/en\/wp-json\/wp\/v2\/pages"}],"about":[{"href":"https:\/\/acemaingenieria.com\/en\/wp-json\/wp\/v2\/types\/page"}],"author":[{"embeddable":true,"href":"https:\/\/acemaingenieria.com\/en\/wp-json\/wp\/v2\/users\/1"}],"replies":[{"embeddable":true,"href":"https:\/\/acemaingenieria.com\/en\/wp-json\/wp\/v2\/comments?post=1813"}],"version-history":[{"count":14,"href":"https:\/\/acemaingenieria.com\/en\/wp-json\/wp\/v2\/pages\/1813\/revisions"}],"predecessor-version":[{"id":2744,"href":"https:\/\/acemaingenieria.com\/en\/wp-json\/wp\/v2\/pages\/1813\/revisions\/2744"}],"wp:attachment":[{"href":"https:\/\/acemaingenieria.com\/en\/wp-json\/wp\/v2\/media?parent=1813"}],"curies":[{"name":"wp","href":"https:\/\/api.w.org\/{rel}","templated":true}]}}