{"id":2080,"date":"2023-11-21T12:30:55","date_gmt":"2023-11-21T17:30:55","guid":{"rendered":"https:\/\/acemaingenieria.com\/?page_id=2080"},"modified":"2025-09-11T10:46:54","modified_gmt":"2025-09-11T15:46:54","slug":"estudios-electricos","status":"publish","type":"page","link":"https:\/\/acemaingenieria.com\/en\/estudios-electricos\/","title":{"rendered":"Electrical Studies\u200b"},"content":{"rendered":"<p>[et_pb_section fb_built=\u00bb1&#8243; specialty=\u00bbon\u00bb padding_top_1=\u00bb30px\u00bb padding_top_2=\u00bb0px\u00bb padding_right_1=\u00bb0px\u00bb padding_right_2=\u00bb0px\u00bb padding_bottom_1=\u00bb30px\u00bb padding_bottom_2=\u00bb0px\u00bb padding_left_1=\u00bb0px\u00bb padding_left_2=\u00bb0px\u00bb padding_top_bottom_link_1=\u00bbtrue\u00bb padding_top_bottom_link_2=\u00bbtrue\u00bb padding_left_right_link_1=\u00bbtrue\u00bb padding_left_right_link_2=\u00bbtrue\u00bb _builder_version=\u00bb4.27.0&#8243; _module_preset=\u00bbdefault\u00bb use_background_color_gradient=\u00bbon\u00bb background_color_gradient_stops=\u00bb#2b87da 36%|#40a335 100%\u00bb background_image=\u00bbhttps:\/\/acemaingenieria.com\/wp-content\/uploads\/2024\/09\/Mesa-de-trabajo-1-3.png\u00bb min_height=\u00bb174.6px\u00bb custom_margin=\u00bb1px|0px|1px|0px|true|true\u00bb custom_padding=\u00bb0px|0px|0px|0px|true|true\u00bb locked=\u00bboff\u00bb global_colors_info=\u00bb{}\u00bb][et_pb_column type=\u00bb1_2&#8243; _builder_version=\u00bb4.16&#8243; custom_padding=\u00bb|||\u00bb global_colors_info=\u00bb{}\u00bb custom_padding__hover=\u00bb|||\u00bb][et_pb_text _builder_version=\u00bb4.27.0&#8243; _module_preset=\u00bbdefault\u00bb text_text_color=\u00bb#FFFFFF\u00bb text_font_size=\u00bb32px\u00bb custom_margin=\u00bb45px||||false|false\u00bb global_colors_info=\u00bb{}\u00bb]<\/p>\n<p style=\"text-align: center;\"><strong>Centros de Transfomaci\u00f3n<\/strong><\/p>\n<p>[\/et_pb_text][\/et_pb_column][et_pb_column type=\u00bb1_2&#8243; specialty_columns=\u00bb2&#8243; _builder_version=\u00bb4.16&#8243; custom_padding=\u00bb|||\u00bb global_colors_info=\u00bb{}\u00bb custom_padding__hover=\u00bb|||\u00bb][\/et_pb_column][\/et_pb_section][et_pb_section fb_built=\u00bb1&#8243; specialty=\u00bbon\u00bb padding_top_1=\u00bb30px\u00bb padding_top_2=\u00bb0px\u00bb padding_right_1=\u00bb0px\u00bb padding_right_2=\u00bb0px\u00bb padding_bottom_1=\u00bb30px\u00bb padding_bottom_2=\u00bb0px\u00bb padding_left_1=\u00bb0px\u00bb padding_left_2=\u00bb0px\u00bb padding_top_bottom_link_1=\u00bbtrue\u00bb padding_top_bottom_link_2=\u00bbtrue\u00bb padding_left_right_link_1=\u00bbtrue\u00bb padding_left_right_link_2=\u00bbtrue\u00bb _builder_version=\u00bb4.23.1&#8243; _module_preset=\u00bbdefault\u00bb min_height=\u00bb399.6px\u00bb custom_margin=\u00bb0px|0px|0px|0px|true|true\u00bb custom_padding=\u00bb0px|0px|0px|0px|true|true\u00bb locked=\u00bboff\u00bb global_colors_info=\u00bb{}\u00bb][et_pb_column type=\u00bb1_2&#8243; _builder_version=\u00bb4.16&#8243; custom_padding=\u00bb|||\u00bb global_colors_info=\u00bb{}\u00bb custom_padding__hover=\u00bb|||\u00bb][et_pb_image src=\u00bbhttps:\/\/acemaingenieria.com\/wp-content\/uploads\/2024\/09\/Sin-titulo-1.png\u00bb title_text=\u00bbSin t\u00edtulo-1&#8243; _builder_version=\u00bb4.27.0&#8243; _module_preset=\u00bbdefault\u00bb width=\u00bb75%\u00bb module_alignment=\u00bbcenter\u00bb custom_margin=\u00bb8px||72px|||\u00bb custom_padding=\u00bb||41px|||\u00bb animation_style=\u00bbfade\u00bb border_radii=\u00bbon|20px|20px|20px|20px\u00bb box_shadow_style=\u00bbpreset1&#8243; locked=\u00bboff\u00bb global_colors_info=\u00bb{}\u00bb][\/et_pb_image][et_pb_text _builder_version=\u00bb4.27.0&#8243; _module_preset=\u00bbdefault\u00bb min_height=\u00bb160px\u00bb custom_padding=\u00bb||4px|||\u00bb global_colors_info=\u00bb{}\u00bb]<\/p>\n<ul>\n<li>Transformador de potencia 1,2 MVA<\/li>\n<li>Tablero agrupador de inversores 800 V<\/li>\n<li>Tablero de SSAA<\/li>\n<li>Conexi\u00f3n de baja tensi\u00f3n 800 V<\/li>\n<li>Estructura SKID con cerramiento y techo<\/li>\n<li>Sistema de monitoreo de minigranja<\/li>\n<li>Punto de interrupci\u00f3n y medida en media tensi\u00f3n<\/li>\n<\/ul>\n<p>[\/et_pb_text][\/et_pb_column][et_pb_column type=\u00bb1_2&#8243; specialty_columns=\u00bb2&#8243; _builder_version=\u00bb4.16&#8243; custom_padding=\u00bb|||\u00bb global_colors_info=\u00bb{}\u00bb custom_padding__hover=\u00bb|||\u00bb][et_pb_row_inner _builder_version=\u00bb4.23.1&#8243; _module_preset=\u00bbdefault\u00bb min_height=\u00bb525.8px\u00bb custom_margin=\u00bb135px||||false|false\u00bb custom_margin_tablet=\u00bb\u00bb custom_margin_phone=\u00bb0px|0px|0px|0px|true|true\u00bb custom_margin_last_edited=\u00bbon|desktop\u00bb custom_padding=\u00bb0px|0px|0px|0px|true|true\u00bb global_colors_info=\u00bb{}\u00bb][et_pb_column_inner saved_specialty_column_type=\u00bb1_2&#8243; _builder_version=\u00bb4.23.1&#8243; _module_preset=\u00bbdefault\u00bb global_colors_info=\u00bb{}\u00bb][et_pb_text _builder_version=\u00bb4.27.0&#8243; _module_preset=\u00bbdefault\u00bb text_font=\u00bbMontserrat||||||||\u00bb header_font=\u00bbMontserrat||||||||\u00bb text_orientation=\u00bbjustified\u00bb width=\u00bb100%\u00bb min_height=\u00bb225.4px\u00bb custom_margin=\u00bb||-1px|||\u00bb animation_style=\u00bbflip\u00bb animation_direction=\u00bbleft\u00bb global_colors_info=\u00bb{}\u00bb]<\/p>\n<p>Realizamos el dise\u00f1o, suministro, montaje, pruebas y puesta en servicio de centros de transformaci\u00f3n para parques solares. Nuestras soluciones incluyen monitoreo avanzado, protecci\u00f3n, automatizaci\u00f3n y comunicaci\u00f3n adaptada a necesidades espec\u00edficas.<\/p>\n<p>[\/et_pb_text][et_pb_image src=\u00bbhttps:\/\/acemaingenieria.com\/wp-content\/uploads\/2024\/09\/Sin-tituloc-1.png\u00bb title_text=\u00bbSin t\u00edtuloc-1&#8243; _builder_version=\u00bb4.27.0&#8243; _module_preset=\u00bbdefault\u00bb width=\u00bb75%\u00bb module_alignment=\u00bbcenter\u00bb custom_margin=\u00bb8px|||||\u00bb animation_style=\u00bbfade\u00bb border_radii=\u00bbon|20px|20px|20px|20px\u00bb box_shadow_style=\u00bbpreset1&#8243; locked=\u00bboff\u00bb global_colors_info=\u00bb{}\u00bb][\/et_pb_image][\/et_pb_column_inner][\/et_pb_row_inner][\/et_pb_column][\/et_pb_section][et_pb_section fb_built=\u00bb1&#8243; _builder_version=\u00bb4.23.1&#8243; _module_preset=\u00bbdefault\u00bb custom_margin=\u00bb0px||0px||true|false\u00bb custom_padding=\u00bb0px||0px||true|false\u00bb locked=\u00bboff\u00bb global_colors_info=\u00bb{}\u00bb][et_pb_row _builder_version=\u00bb4.22.2&#8243; _module_preset=\u00bbdefault\u00bb custom_margin=\u00bb0px|0px|0px|0px|true|true\u00bb motion_trigger_start=\u00bbtop\u00bb custom_css_main_element=\u00bbwidth:100%\u00bb locked=\u00bboff\u00bb global_colors_info=\u00bb{}\u00bb][et_pb_column type=\u00bb4_4&#8243; _builder_version=\u00bb4.22.2&#8243; _module_preset=\u00bbdefault\u00bb global_colors_info=\u00bb{}\u00bb][et_pb_text _builder_version=\u00bb4.27.0&#8243; _module_preset=\u00bbdefault\u00bb text_font=\u00bbMontserrat|700|||||||\u00bb text_text_color=\u00bb#40A335&#8243; header_font=\u00bbMontserrat||||||||\u00bb header_text_align=\u00bbcenter\u00bb header_text_color=\u00bb#FFFFFF\u00bb header_3_font=\u00bb|700|||||||\u00bb header_3_text_color=\u00bb#2058DB\u00bb background_enable_color=\u00bboff\u00bb text_orientation=\u00bbcenter\u00bb width=\u00bb20%\u00bb width_tablet=\u00bb20%\u00bb width_phone=\u00bb100%\u00bb width_last_edited=\u00bbon|phone\u00bb max_width=\u00bb80%\u00bb module_alignment=\u00bbcenter\u00bb custom_margin=\u00bb0px|50px|0px|50px|false|true\u00bb custom_padding=\u00bb10px|10px|10px|10px|true|true\u00bb module_alignment_tablet=\u00bbleft\u00bb module_alignment_phone=\u00bbcenter\u00bb module_alignment_last_edited=\u00bbon|phone\u00bb border_radii=\u00bbon|50px|50px|50px|50px\u00bb locked=\u00bboff\u00bb global_colors_info=\u00bb{}\u00bb]<\/p>\n<h3>Otros Servicios<\/h3>\n<p>[\/et_pb_text][dica_divi_carousel show_items_desktop=\u00bb5&#8243; show_items_mobile=\u00bb2&#8243; transition_duration=\u00bb3000&#8243; autoplay=\u00bbon\u00bb item_spacing_tablet=\u00bb\u00bb item_spacing_phone=\u00bb0&#8243; item_spacing_last_edited=\u00bbon|phone\u00bb item_vertical_align=\u00bbcenter\u00bb advanced_effect=\u00bb1&#8243; overlay_color_field_bgcolor=\u00bbrgba(255,255,255,0.85)\u00bb _builder_version=\u00bb4.23.1&#8243; _module_preset=\u00bbdefault\u00bb custom_margin=\u00bb0px|0px|0px|0px|true|true\u00bb custom_padding=\u00bb20px|10px|20px|10px|true|true\u00bb scroll_vertical_motion_enable=\u00bbon\u00bb scroll_vertical_motion=\u00bb0|80|80|100|0|0|-4&#8243; locked=\u00bboff\u00bb global_colors_info=\u00bb{}\u00bb][dica_divi_carouselitem button_url_new_window=\u00bb1&#8243; image=\u00bbhttps:\/\/acemaingenieria.com\/wp-content\/uploads\/2023\/11\/IMG_20230601_112739-3-scaled.jpg\u00bb image_padding=\u00bb||||false|false\u00bb content_padding=\u00bb20px|20px|20px|20px|true|true\u00bb custom_margin=\u00bb15px|15px|15px|15px|true|true\u00bb custom_padding=\u00bb0px|0px|0px|0px|false|false\u00bb _builder_version=\u00bb4.23.1&#8243; _module_preset=\u00bbdefault\u00bb header_level=\u00bbh1&#8243; header_font=\u00bbMontserrat|700|||||||\u00bb header_text_align=\u00bbcenter\u00bb header_text_color=\u00bb#000000&#8243; header_line_height=\u00bb0em\u00bb subtitle_font=\u00bbMontserrat||||||||\u00bb body_font=\u00bbMontserrat|700|||||||\u00bb body_text_align=\u00bbcenter\u00bb body_text_color=\u00bb#000000&#8243; body_font_size=\u00bb12px\u00bb body_line_height=\u00bb1.5em\u00bb background_color=\u00bb#FFFFFF\u00bb background_enable_color=\u00bbon\u00bb background_enable_image=\u00bboff\u00bb link_option_url=\u00bbhttps:\/\/acemaingenieria.com\/diseno-implementacion-seg-electronica\/\u00bb custom_css_main_element=\u00bbheight:250px;\u00bb border_radii_item=\u00bbon|20px|20px|20px|20px\u00bb box_shadow_style=\u00bbpreset1&#8243; box_shadow_spread=\u00bb4px\u00bb global_colors_info=\u00bb{}\u00bb transform_styles__hover_enabled=\u00bbon|hover\u00bb transform_scale__hover_enabled=\u00bbon|hover\u00bb transform_translate__hover_enabled=\u00bbon|desktop\u00bb transform_rotate__hover_enabled=\u00bbon|desktop\u00bb transform_skew__hover_enabled=\u00bbon|desktop\u00bb transform_origin__hover_enabled=\u00bbon|desktop\u00bb transform_scale__hover=\u00bb110%|110%\u00bb]<\/p>\n<p>Sistemas de seguridad electr\u00f3nica<\/p>\n<p>[\/dica_divi_carouselitem][dica_divi_carouselitem button_url_new_window=\u00bb1&#8243; image=\u00bbhttps:\/\/acemaingenieria.com\/wp-content\/uploads\/2023\/11\/IMG_20231123_092746-2-scaled.jpg\u00bb image_padding=\u00bb||||false|false\u00bb content_padding=\u00bb20px|10px|20px|10px|true|true\u00bb custom_margin=\u00bb15px|15px|15px|15px|true|true\u00bb custom_padding=\u00bb0px|0px|0px|0px|false|false\u00bb _builder_version=\u00bb4.23.1&#8243; _module_preset=\u00bbdefault\u00bb header_level=\u00bbh1&#8243; header_font=\u00bbMontserrat|700|||||||\u00bb header_text_align=\u00bbcenter\u00bb header_text_color=\u00bb#000000&#8243; header_line_height=\u00bb0em\u00bb subtitle_font=\u00bbMontserrat||||||||\u00bb body_font=\u00bbMontserrat|700|||||||\u00bb body_text_align=\u00bbcenter\u00bb body_text_color=\u00bb#000000&#8243; body_font_size=\u00bb12px\u00bb body_line_height=\u00bb1.4em\u00bb background_color=\u00bb#FFFFFF\u00bb background_enable_color=\u00bbon\u00bb background_enable_image=\u00bboff\u00bb link_option_url=\u00bbhttps:\/\/acemaingenieria.com\/sistemas-de-comunicaciones-locales-area-amplia\/\u00bb custom_css_main_element=\u00bbheight:250px;\u00bb border_radii_item=\u00bbon|20px|20px|20px|20px\u00bb box_shadow_style=\u00bbpreset1&#8243; box_shadow_spread=\u00bb4px\u00bb global_colors_info=\u00bb{}\u00bb transform_styles__hover_enabled=\u00bbon|hover\u00bb transform_scale__hover_enabled=\u00bbon|hover\u00bb transform_translate__hover_enabled=\u00bbon|desktop\u00bb transform_rotate__hover_enabled=\u00bbon|desktop\u00bb transform_skew__hover_enabled=\u00bbon|desktop\u00bb transform_origin__hover_enabled=\u00bbon|desktop\u00bb transform_scale__hover=\u00bb110%|110%\u00bb]<\/p>\n<p>Sistemas de comunicaciones locales y de \u00e1rea amplia<\/p>\n<p>[\/dica_divi_carouselitem][dica_divi_carouselitem button_url_new_window=\u00bb1&#8243; image=\u00bbhttps:\/\/acemaingenieria.com\/wp-content\/uploads\/2023\/11\/since-la-cayena.jpg\u00bb image_padding=\u00bb||||false|false\u00bb content_padding=\u00bb20px|10px|20px|10px|true|true\u00bb custom_margin=\u00bb15px|15px|15px|15px|true|true\u00bb custom_padding=\u00bb0px|0px|0px|0px|false|false\u00bb _builder_version=\u00bb4.23.1&#8243; _module_preset=\u00bbdefault\u00bb header_level=\u00bbh1&#8243; header_font=\u00bbMontserrat|700|||||||\u00bb header_text_align=\u00bbcenter\u00bb header_text_color=\u00bb#000000&#8243; header_line_height=\u00bb0em\u00bb subtitle_font=\u00bbMontserrat||||||||\u00bb body_font=\u00bbMontserrat||||||||\u00bb body_text_align=\u00bbcenter\u00bb body_font_size=\u00bb12px\u00bb body_line_height=\u00bb1.5em\u00bb background_color=\u00bb#FFFFFF\u00bb background_enable_color=\u00bbon\u00bb background_enable_image=\u00bboff\u00bb link_option_url=\u00bbhttps:\/\/acemaingenieria.com\/configuracion-pruebas-proteccion-electricas\/\u00bb custom_css_main_element=\u00bbheight:250px;\u00bb border_radii_item=\u00bbon|20px|20px|20px|20px\u00bb box_shadow_style=\u00bbpreset1&#8243; box_shadow_spread=\u00bb4px\u00bb global_colors_info=\u00bb{}\u00bb transform_styles__hover_enabled=\u00bbon|hover\u00bb transform_scale__hover_enabled=\u00bbon|hover\u00bb transform_translate__hover_enabled=\u00bbon|desktop\u00bb transform_rotate__hover_enabled=\u00bbon|desktop\u00bb transform_skew__hover_enabled=\u00bbon|desktop\u00bb transform_origin__hover_enabled=\u00bbon|desktop\u00bb transform_scale__hover=\u00bb110%|110%\u00bb]<\/p>\n<p><span style=\"color: #000000;\"><strong>Configuraci\u00f3n y pruebas de protecciones el\u00e9ctricas<\/strong><\/span><\/p>\n<p>[\/dica_divi_carouselitem][dica_divi_carouselitem button_url_new_window=\u00bb1&#8243; image=\u00bbhttps:\/\/acemaingenieria.com\/wp-content\/uploads\/2023\/11\/Square3.jpg\u00bb image_padding=\u00bb||||false|false\u00bb content_padding=\u00bb20px|20px|20px|20px|true|true\u00bb custom_margin=\u00bb15px|15px|15px|15px|true|true\u00bb custom_padding=\u00bb0px|0px|0px|0px|false|false\u00bb _builder_version=\u00bb4.23.1&#8243; _module_preset=\u00bbdefault\u00bb header_level=\u00bbh1&#8243; header_font=\u00bbMontserrat|700|||||||\u00bb header_text_align=\u00bbcenter\u00bb header_text_color=\u00bb#000000&#8243; header_line_height=\u00bb0em\u00bb subtitle_font=\u00bbMontserrat||||||||\u00bb body_font=\u00bbMontserrat||||||||\u00bb body_text_align=\u00bbcenter\u00bb body_font_size=\u00bb12px\u00bb body_line_height=\u00bb1.5em\u00bb background_color=\u00bb#FFFFFF\u00bb background_enable_color=\u00bbon\u00bb background_enable_image=\u00bboff\u00bb link_option_url=\u00bbhttps:\/\/acemaingenieria.com\/pruebas-equipos-primarios\/\u00bb custom_css_main_element=\u00bbheight:250px;\u00bb border_radii_item=\u00bbon|20px|20px|20px|20px\u00bb box_shadow_style=\u00bbpreset1&#8243; box_shadow_spread=\u00bb4px\u00bb global_colors_info=\u00bb{}\u00bb transform_styles__hover_enabled=\u00bbon|hover\u00bb transform_scale__hover_enabled=\u00bbon|hover\u00bb transform_translate__hover_enabled=\u00bbon|desktop\u00bb transform_rotate__hover_enabled=\u00bbon|desktop\u00bb transform_skew__hover_enabled=\u00bbon|desktop\u00bb transform_origin__hover_enabled=\u00bbon|desktop\u00bb transform_scale__hover=\u00bb110%|110%\u00bb]<\/p>\n<p><span style=\"color: #000000;\"><strong>Pruebas de equipos primarios<\/strong><\/span><\/p>\n<p>[\/dica_divi_carouselitem][dica_divi_carouselitem button_url_new_window=\u00bb1&#8243; image=\u00bbhttps:\/\/acemaingenieria.com\/wp-content\/uploads\/2023\/11\/6f8844fd-e3d6-4f28-a0f0-2825fabee274.jpg\u00bb image_padding=\u00bb||||false|false\u00bb content_padding=\u00bb20px|0px|20px|0px|true|false\u00bb content_padding_tablet=\u00bb20px|0px|20px|0px|true|false\u00bb content_padding_phone=\u00bb|10px||10px|true|true\u00bb content_padding_last_edited=\u00bbon|phone\u00bb custom_margin=\u00bb15px|15px|15px|15px|true|true\u00bb custom_padding=\u00bb0px|0px|0px|0px|false|false\u00bb _builder_version=\u00bb4.23.1&#8243; _module_preset=\u00bbdefault\u00bb header_level=\u00bbh1&#8243; header_font=\u00bbMontserrat|700|||||||\u00bb header_text_align=\u00bbcenter\u00bb header_text_color=\u00bb#000000&#8243; header_line_height=\u00bb0em\u00bb subtitle_font=\u00bbMontserrat||||||||\u00bb body_font=\u00bbMontserrat||||||||\u00bb body_text_align=\u00bbcenter\u00bb body_text_color=\u00bb#000000&#8243; body_font_size=\u00bb12px\u00bb body_line_height=\u00bb1.4em\u00bb background_color=\u00bb#FFFFFF\u00bb background_enable_color=\u00bbon\u00bb background_enable_image=\u00bboff\u00bb link_option_url=\u00bbhttps:\/\/acemaingenieria.com\/construccion-epc-subestaciones-electricas\/\u00bb custom_css_main_element=\u00bbheight:250px;\u00bb border_radii_item=\u00bbon|20px|20px|20px|20px\u00bb box_shadow_style=\u00bbpreset1&#8243; box_shadow_spread=\u00bb4px\u00bb global_colors_info=\u00bb{}\u00bb transform_styles__hover_enabled=\u00bbon|hover\u00bb transform_scale__hover_enabled=\u00bbon|hover\u00bb transform_translate__hover_enabled=\u00bbon|desktop\u00bb transform_rotate__hover_enabled=\u00bbon|desktop\u00bb transform_skew__hover_enabled=\u00bbon|desktop\u00bb transform_origin__hover_enabled=\u00bbon|desktop\u00bb transform_scale__hover=\u00bb110%|110%\u00bb]<\/p>\n<p><span style=\"color: #000000;\"><b>Construcci\u00f3n EPC de subestaciones el\u00e9ctricas<\/b><\/span><\/p>\n<p>[\/dica_divi_carouselitem][dica_divi_carouselitem button_url_new_window=\u00bb1&#8243; image=\u00bbhttps:\/\/acemaingenieria.com\/wp-content\/uploads\/2023\/11\/nati-2.jpg\u00bb image_padding=\u00bb||||false|false\u00bb content_padding=\u00bb20px|10px|20px|10px|true|true\u00bb custom_margin=\u00bb15px|15px|15px|15px|true|true\u00bb custom_padding=\u00bb0px|0px|0px|0px|false|false\u00bb _builder_version=\u00bb4.23.1&#8243; _module_preset=\u00bbdefault\u00bb header_level=\u00bbh1&#8243; header_font=\u00bbMontserrat|700|||||||\u00bb header_text_align=\u00bbcenter\u00bb header_text_color=\u00bb#000000&#8243; header_line_height=\u00bb0em\u00bb subtitle_font=\u00bbMontserrat||||||||\u00bb body_font=\u00bbMontserrat|700|||||||\u00bb body_text_align=\u00bbcenter\u00bb body_text_color=\u00bb#000000&#8243; body_font_size=\u00bb12px\u00bb body_line_height=\u00bb1.3em\u00bb background_color=\u00bb#FFFFFF\u00bb background_enable_color=\u00bbon\u00bb background_enable_image=\u00bboff\u00bb link_option_url=\u00bbhttps:\/\/acemaingenieria.com\/sistemas-control-proteccion-electricas\/\u00bb custom_css_main_element=\u00bbheight:250px;\u00bb border_radii_item=\u00bbon|20px|20px|20px|20px\u00bb box_shadow_style=\u00bbpreset1&#8243; box_shadow_spread=\u00bb4px\u00bb global_colors_info=\u00bb{}\u00bb transform_styles__hover_enabled=\u00bbon|hover\u00bb transform_scale__hover_enabled=\u00bbon|hover\u00bb transform_translate__hover_enabled=\u00bbon|desktop\u00bb transform_rotate__hover_enabled=\u00bbon|desktop\u00bb transform_skew__hover_enabled=\u00bbon|desktop\u00bb transform_origin__hover_enabled=\u00bbon|desktop\u00bb transform_scale__hover=\u00bb110%|110%\u00bb]<\/p>\n<p>Sistemas de control y protecci\u00f3n el\u00e9ctrico<\/p>\n<p>[\/dica_divi_carouselitem][dica_divi_carouselitem button_url_new_window=\u00bb1&#8243; image=\u00bbhttps:\/\/acemaingenieria.com\/wp-content\/uploads\/2023\/11\/Nati.jpg\u00bb image_padding=\u00bb||||false|false\u00bb content_padding=\u00bb20px|10px|20px|10px|true|true\u00bb content_padding_tablet=\u00bb20px|0px|20px|0px|true|false\u00bb content_padding_phone=\u00bb|10px||10px|true|true\u00bb content_padding_last_edited=\u00bbon|phone\u00bb custom_margin=\u00bb15px|15px|15px|15px|true|true\u00bb custom_padding=\u00bb0px|0px|0px|0px|false|false\u00bb _builder_version=\u00bb4.23.1&#8243; _module_preset=\u00bbdefault\u00bb header_level=\u00bbh1&#8243; header_font=\u00bbMontserrat|700|||||||\u00bb header_text_align=\u00bbcenter\u00bb header_text_color=\u00bb#000000&#8243; header_line_height=\u00bb0em\u00bb subtitle_font=\u00bbMontserrat||||||||\u00bb body_font=\u00bbMontserrat||||||||\u00bb body_text_align=\u00bbcenter\u00bb body_text_color=\u00bb#000000&#8243; body_font_size=\u00bb12px\u00bb body_line_height=\u00bb1.4em\u00bb background_color=\u00bb#FFFFFF\u00bb background_enable_color=\u00bbon\u00bb background_enable_image=\u00bboff\u00bb link_option_url=\u00bbhttps:\/\/acemaingenieria.com\/ingenieria-sistemas-electricos\/\u00bb custom_css_main_element=\u00bbheight:250px;\u00bb border_radii_item=\u00bbon|20px|20px|20px|20px\u00bb box_shadow_style=\u00bbpreset1&#8243; box_shadow_spread=\u00bb4px\u00bb global_colors_info=\u00bb{}\u00bb transform_styles__hover_enabled=\u00bbon|hover\u00bb transform_scale__hover_enabled=\u00bbon|hover\u00bb transform_translate__hover_enabled=\u00bbon|desktop\u00bb transform_rotate__hover_enabled=\u00bbon|desktop\u00bb transform_skew__hover_enabled=\u00bbon|desktop\u00bb transform_origin__hover_enabled=\u00bbon|desktop\u00bb transform_scale__hover=\u00bb110%|110%\u00bb]<\/p>\n<p><span style=\"color: #000000;\"><strong>Ingenieria de sistemas el\u00e9ctricos<\/strong><\/span><\/p>\n<p>[\/dica_divi_carouselitem][\/dica_divi_carousel][\/et_pb_column][\/et_pb_row][\/et_pb_section]<\/p>\n","protected":false},"excerpt":{"rendered":"<p>Centros de Transfomaci\u00f3n Transformador de potencia 1,2 MVA Tablero agrupador de inversores 800 V Tablero de SSAA Conexi\u00f3n de baja tensi\u00f3n 800 V Estructura SKID con cerramiento y techo Sistema de monitoreo de minigranja Punto de interrupci\u00f3n y medida en media tensi\u00f3n Realizamos el dise\u00f1o, suministro, montaje, pruebas y puesta en servicio de centros de [&hellip;]<\/p>\n","protected":false},"author":1,"featured_media":0,"parent":0,"menu_order":0,"comment_status":"closed","ping_status":"closed","template":"","meta":{"_et_pb_use_builder":"on","_et_pb_old_content":"","_et_gb_content_width":"","inline_featured_image":false,"footnotes":""},"class_list":["post-2080","page","type-page","status-publish","hentry"],"_links":{"self":[{"href":"https:\/\/acemaingenieria.com\/en\/wp-json\/wp\/v2\/pages\/2080","targetHints":{"allow":["GET"]}}],"collection":[{"href":"https:\/\/acemaingenieria.com\/en\/wp-json\/wp\/v2\/pages"}],"about":[{"href":"https:\/\/acemaingenieria.com\/en\/wp-json\/wp\/v2\/types\/page"}],"author":[{"embeddable":true,"href":"https:\/\/acemaingenieria.com\/en\/wp-json\/wp\/v2\/users\/1"}],"replies":[{"embeddable":true,"href":"https:\/\/acemaingenieria.com\/en\/wp-json\/wp\/v2\/comments?post=2080"}],"version-history":[{"count":47,"href":"https:\/\/acemaingenieria.com\/en\/wp-json\/wp\/v2\/pages\/2080\/revisions"}],"predecessor-version":[{"id":3610,"href":"https:\/\/acemaingenieria.com\/en\/wp-json\/wp\/v2\/pages\/2080\/revisions\/3610"}],"wp:attachment":[{"href":"https:\/\/acemaingenieria.com\/en\/wp-json\/wp\/v2\/media?parent=2080"}],"curies":[{"name":"wp","href":"https:\/\/api.w.org\/{rel}","templated":true}]}}